{"id":1544,"date":"2025-09-01T23:28:38","date_gmt":"2025-09-01T23:28:38","guid":{"rendered":"https:\/\/eon-store-usa.com\/?page_id=1544"},"modified":"2025-09-01T23:31:44","modified_gmt":"2025-09-01T23:31:44","slug":"other-technologies","status":"publish","type":"page","link":"https:\/\/eon-store-usa.com\/es\/other-technologies\/","title":{"rendered":"Otras tecnolog\u00edas"},"content":{"rendered":"<div data-elementor-type=\"wp-page\" data-elementor-id=\"1544\" class=\"elementor elementor-1544\" data-elementor-post-type=\"page\">\n\t\t\t\t<div data-ka-cursor-size=\"1\" class=\"elementor-element elementor-element-b2f29ca e-flex e-con-boxed e-con e-parent\" data-id=\"b2f29ca\" data-element_type=\"container\" data-settings=\"{&quot;background_background&quot;:&quot;classic&quot;,&quot;kng_cursor_interaction&quot;:&quot;default&quot;,&quot;kng_cursor_magnetic&quot;:&quot;none&quot;,&quot;kng_cursor_size_multiplier&quot;:{&quot;unit&quot;:&quot;px&quot;,&quot;size&quot;:1,&quot;sizes&quot;:[]}}\">\n\t\t\t\t\t<div class=\"e-con-inner\">\n\t\t\t\t<div data-ka-cursor-size=\"1\" class=\"elementor-element elementor-element-fd12636 elementor-widget elementor-widget-heading\" data-id=\"fd12636\" data-element_type=\"widget\" data-settings=\"{&quot;kng_cursor_interaction&quot;:&quot;default&quot;,&quot;kng_cursor_magnetic&quot;:&quot;none&quot;,&quot;kng_cursor_size_multiplier&quot;:{&quot;unit&quot;:&quot;px&quot;,&quot;size&quot;:1,&quot;sizes&quot;:[]}}\" data-widget_type=\"heading.default\">\n\t\t\t\t\t<h2 class=\"elementor-heading-title elementor-size-default\">Otras tecnolog\u00edas<\/h2>\t\t\t\t<\/div>\n\t\t\t\t\t<\/div>\n\t\t\t\t<\/div>\n\t\t<div data-ka-cursor-size=\"1\" class=\"elementor-element elementor-element-ccc8327 e-flex e-con-boxed e-con e-parent\" data-id=\"ccc8327\" data-element_type=\"container\" data-settings=\"{&quot;kng_cursor_interaction&quot;:&quot;default&quot;,&quot;kng_cursor_magnetic&quot;:&quot;none&quot;,&quot;kng_cursor_size_multiplier&quot;:{&quot;unit&quot;:&quot;px&quot;,&quot;size&quot;:1,&quot;sizes&quot;:[]}}\">\n\t\t\t\t\t<div class=\"e-con-inner\">\n\t\t<div data-ka-cursor-size=\"1\" class=\"elementor-element elementor-element-cb513c1 e-con-full e-flex e-con e-child\" data-id=\"cb513c1\" data-element_type=\"container\" data-settings=\"{&quot;kng_cursor_interaction&quot;:&quot;default&quot;,&quot;kng_cursor_magnetic&quot;:&quot;none&quot;,&quot;kng_cursor_size_multiplier&quot;:{&quot;unit&quot;:&quot;px&quot;,&quot;size&quot;:1,&quot;sizes&quot;:[]}}\">\n\t\t<div data-ka-cursor-size=\"1\" class=\"elementor-element elementor-element-a88a6aa e-con-full e-flex e-con e-child\" data-id=\"a88a6aa\" data-element_type=\"container\" data-settings=\"{&quot;kng_cursor_interaction&quot;:&quot;default&quot;,&quot;kng_cursor_magnetic&quot;:&quot;none&quot;,&quot;kng_cursor_size_multiplier&quot;:{&quot;unit&quot;:&quot;px&quot;,&quot;size&quot;:1,&quot;sizes&quot;:[]}}\">\n\t\t\t\t<div data-ka-cursor-size=\"1\" class=\"elementor-element elementor-element-85a395c elementor-widget__width-initial elementor-widget elementor-widget-image\" data-id=\"85a395c\" data-element_type=\"widget\" data-settings=\"{&quot;kng_cursor_interaction&quot;:&quot;default&quot;,&quot;kng_cursor_magnetic&quot;:&quot;none&quot;,&quot;kng_cursor_size_multiplier&quot;:{&quot;unit&quot;:&quot;px&quot;,&quot;size&quot;:1,&quot;sizes&quot;:[]}}\" data-widget_type=\"image.default\">\n\t\t\t\t\t\t\t\t\t\t\t\t\t\t\t<img fetchpriority=\"high\" decoding=\"async\" width=\"2160\" height=\"1350\" src=\"https:\/\/eon-store-usa.com\/wp-content\/uploads\/2025\/08\/Energia-renovable-paneles-solares-y-turbinas-eolicas.png\" class=\"attachment-full size-full wp-image-245\" alt=\"energia renovable\" srcset=\"https:\/\/eon-store-usa.com\/wp-content\/uploads\/2025\/08\/Energia-renovable-paneles-solares-y-turbinas-eolicas.png 2160w, https:\/\/eon-store-usa.com\/wp-content\/uploads\/2025\/08\/Energia-renovable-paneles-solares-y-turbinas-eolicas-300x188.png 300w, https:\/\/eon-store-usa.com\/wp-content\/uploads\/2025\/08\/Energia-renovable-paneles-solares-y-turbinas-eolicas-1024x640.png 1024w, https:\/\/eon-store-usa.com\/wp-content\/uploads\/2025\/08\/Energia-renovable-paneles-solares-y-turbinas-eolicas-768x480.png 768w, https:\/\/eon-store-usa.com\/wp-content\/uploads\/2025\/08\/Energia-renovable-paneles-solares-y-turbinas-eolicas-1536x960.png 1536w, https:\/\/eon-store-usa.com\/wp-content\/uploads\/2025\/08\/Energia-renovable-paneles-solares-y-turbinas-eolicas-2048x1280.png 2048w\" sizes=\"(max-width: 2160px) 100vw, 2160px\" \/>\t\t\t\t\t\t\t\t\t\t\t\t\t\t\t<\/div>\n\t\t<div data-ka-cursor-size=\"1\" class=\"elementor-element elementor-element-824d335 e-con-full e-flex e-con e-child\" data-id=\"824d335\" data-element_type=\"container\" data-settings=\"{&quot;kng_cursor_interaction&quot;:&quot;default&quot;,&quot;kng_cursor_magnetic&quot;:&quot;none&quot;,&quot;kng_cursor_size_multiplier&quot;:{&quot;unit&quot;:&quot;px&quot;,&quot;size&quot;:1,&quot;sizes&quot;:[]}}\">\n\t\t\t\t<div data-ka-cursor-size=\"1\" class=\"elementor-element elementor-element-34087a6 elementor-widget elementor-widget-heading\" data-id=\"34087a6\" data-element_type=\"widget\" data-settings=\"{&quot;kng_cursor_interaction&quot;:&quot;default&quot;,&quot;kng_cursor_magnetic&quot;:&quot;none&quot;,&quot;kng_cursor_size_multiplier&quot;:{&quot;unit&quot;:&quot;px&quot;,&quot;size&quot;:1,&quot;sizes&quot;:[]}}\" data-widget_type=\"heading.default\">\n\t\t\t\t\t<h2 class=\"elementor-heading-title elementor-size-default\">Otras tecnolog\u00edas<\/h2>\t\t\t\t<\/div>\n\t\t\t\t<div data-ka-cursor-size=\"1\" class=\"elementor-element elementor-element-1de81d5 elementor-widget elementor-widget-text-editor\" data-id=\"1de81d5\" data-element_type=\"widget\" data-settings=\"{&quot;kng_cursor_interaction&quot;:&quot;default&quot;,&quot;kng_cursor_magnetic&quot;:&quot;none&quot;,&quot;kng_cursor_size_multiplier&quot;:{&quot;unit&quot;:&quot;px&quot;,&quot;size&quot;:1,&quot;sizes&quot;:[]}}\" data-widget_type=\"text-editor.default\">\n\t\t\t\t\t\t\t\t\t<p><span dir=\"auto\">Energ\u00eda ON no s\u00f3lo se especializa en\u00a0<\/span><strong><span dir=\"auto\">Tratamiento de residuos, tratamiento de agua y sistemas de ozono<\/span><\/strong><span dir=\"auto\">\u00a0, pero tambi\u00e9n hemos trabajado con varios\u00a0<\/span><strong><span dir=\"auto\">tecnolog\u00edas avanzadas<\/span><\/strong><span dir=\"auto\">\u00a0conducir\u00a0<\/span><strong><span dir=\"auto\">eficiencia energ\u00e9tica<\/span><\/strong><span dir=\"auto\">\u00a0y\u00a0<\/span><strong><span dir=\"auto\">sostenibilidad<\/span><\/strong><span dir=\"auto\">\u00a0. Estos incluyen nuestros\u00a0<\/span><strong><span dir=\"auto\">M\u00f3dulos TEG (Generadores Termoel\u00e9ctricos)<\/span><\/strong><span dir=\"auto\">\u00a0, que\u00a0<\/span><strong><span dir=\"auto\">convierten eficientemente el calor residual en electricidad y la implementaci\u00f3n de bater\u00edas gravitacionales<\/span><\/strong><span dir=\"auto\">\u00a0, una innovadora soluci\u00f3n de almacenamiento de energ\u00eda que aprovecha la fuerza de la gravedad. Tambi\u00e9n estamos a la vanguardia en la integraci\u00f3n\u00a0<\/span><strong><span dir=\"auto\">Sistemas de clasificaci\u00f3n de residuos pl\u00e1sticos y sistemas inteligentes de separaci\u00f3n y gesti\u00f3n de residuos basados \u200b\u200ben IA<\/span><\/strong><span dir=\"auto\">\u00a0, que aumentan la\u00a0<\/span><strong><span dir=\"auto\">eficiencia<\/span><\/strong><span dir=\"auto\">\u00a0y\u00a0<\/span><strong><span dir=\"auto\">exactitud<\/span><\/strong><span dir=\"auto\">\u00a0de gesti\u00f3n de residuos.<\/span><\/p>\t\t\t\t\t\t\t\t<\/div>\n\t\t\t\t<\/div>\n\t\t\t\t<\/div>\n\t\t\t\t<\/div>\n\t\t\t\t\t<\/div>\n\t\t\t\t<\/div>\n\t\t\t\t<\/div>","protected":false},"excerpt":{"rendered":"<p>Other technologies Other technologies Energ\u00eda ON not only specializes in\u00a0waste treatment, water treatment, and ozone systems\u00a0, but we have also worked with various\u00a0advanced technologies\u00a0to drive\u00a0energy efficiency\u00a0and\u00a0sustainability\u00a0. These include our\u00a0TEG Modules (Thermoelectric Generators)\u00a0, which\u00a0efficiently convert waste heat into electricity, and the implementation of gravitational batteries\u00a0, an innovative energy storage solution that harnesses the force of gravity. [&hellip;]<\/p>\n","protected":false},"author":2,"featured_media":0,"parent":0,"menu_order":0,"comment_status":"closed","ping_status":"closed","template":"","meta":{"_joinchat":[],"footnotes":""},"class_list":["post-1544","page","type-page","status-publish","hentry"],"yoast_head":"<!-- This site is optimized with the Yoast SEO plugin v27.0 - https:\/\/yoast.com\/product\/yoast-seo-wordpress\/ -->\n<title>Other technologies - Energia_ON<\/title>\n<meta name=\"robots\" content=\"index, follow, max-snippet:-1, max-image-preview:large, max-video-preview:-1\" \/>\n<link rel=\"canonical\" href=\"https:\/\/eon-store-usa.com\/es\/other-technologies\/\" \/>\n<meta property=\"og:locale\" content=\"es_ES\" \/>\n<meta property=\"og:type\" content=\"article\" \/>\n<meta property=\"og:title\" content=\"Other technologies - Energia_ON\" \/>\n<meta property=\"og:description\" content=\"Other technologies Other technologies Energ\u00eda ON not only specializes in\u00a0waste treatment, water treatment, and ozone systems\u00a0, but we have also worked with various\u00a0advanced technologies\u00a0to drive\u00a0energy efficiency\u00a0and\u00a0sustainability\u00a0. These include our\u00a0TEG Modules (Thermoelectric Generators)\u00a0, which\u00a0efficiently convert waste heat into electricity, and the implementation of gravitational batteries\u00a0, an innovative energy storage solution that harnesses the force of gravity. [&hellip;]\" \/>\n<meta property=\"og:url\" content=\"https:\/\/eon-store-usa.com\/es\/other-technologies\/\" \/>\n<meta property=\"og:site_name\" content=\"Energia_ON\" \/>\n<meta property=\"article:modified_time\" content=\"2025-09-01T23:31:44+00:00\" \/>\n<meta property=\"og:image\" content=\"https:\/\/eon-store-usa.com\/wp-content\/uploads\/2025\/08\/Energia-renovable-paneles-solares-y-turbinas-eolicas-1024x640.png\" \/>\n\t<meta property=\"og:image:width\" content=\"1024\" \/>\n\t<meta property=\"og:image:height\" content=\"640\" \/>\n\t<meta property=\"og:image:type\" content=\"image\/png\" \/>\n<meta name=\"twitter:card\" content=\"summary_large_image\" \/>\n<meta name=\"twitter:label1\" content=\"Tiempo de lectura\" \/>\n\t<meta name=\"twitter:data1\" content=\"1 minuto\" \/>\n<script type=\"application\/ld+json\" class=\"yoast-schema-graph\">{\"@context\":\"https:\/\/schema.org\",\"@graph\":[{\"@type\":\"WebPage\",\"@id\":\"https:\/\/eon-store-usa.com\/other-technologies\/\",\"url\":\"https:\/\/eon-store-usa.com\/other-technologies\/\",\"name\":\"Other technologies - Energia_ON\",\"isPartOf\":{\"@id\":\"https:\/\/eon-store-usa.com\/#website\"},\"primaryImageOfPage\":{\"@id\":\"https:\/\/eon-store-usa.com\/other-technologies\/#primaryimage\"},\"image\":{\"@id\":\"https:\/\/eon-store-usa.com\/other-technologies\/#primaryimage\"},\"thumbnailUrl\":\"https:\/\/eon-store-usa.com\/wp-content\/uploads\/2025\/08\/Energia-renovable-paneles-solares-y-turbinas-eolicas.png\",\"datePublished\":\"2025-09-01T23:28:38+00:00\",\"dateModified\":\"2025-09-01T23:31:44+00:00\",\"breadcrumb\":{\"@id\":\"https:\/\/eon-store-usa.com\/other-technologies\/#breadcrumb\"},\"inLanguage\":\"es\",\"potentialAction\":[{\"@type\":\"ReadAction\",\"target\":[\"https:\/\/eon-store-usa.com\/other-technologies\/\"]}]},{\"@type\":\"ImageObject\",\"inLanguage\":\"es\",\"@id\":\"https:\/\/eon-store-usa.com\/other-technologies\/#primaryimage\",\"url\":\"https:\/\/eon-store-usa.com\/wp-content\/uploads\/2025\/08\/Energia-renovable-paneles-solares-y-turbinas-eolicas.png\",\"contentUrl\":\"https:\/\/eon-store-usa.com\/wp-content\/uploads\/2025\/08\/Energia-renovable-paneles-solares-y-turbinas-eolicas.png\"},{\"@type\":\"BreadcrumbList\",\"@id\":\"https:\/\/eon-store-usa.com\/other-technologies\/#breadcrumb\",\"itemListElement\":[{\"@type\":\"ListItem\",\"position\":1,\"name\":\"Portada\",\"item\":\"https:\/\/eon-store-usa.com\/\"},{\"@type\":\"ListItem\",\"position\":2,\"name\":\"Other technologies\"}]},{\"@type\":\"WebSite\",\"@id\":\"https:\/\/eon-store-usa.com\/#website\",\"url\":\"https:\/\/eon-store-usa.com\/\",\"name\":\"Energia_ON\",\"description\":\"\",\"publisher\":{\"@id\":\"https:\/\/eon-store-usa.com\/#organization\"},\"potentialAction\":[{\"@type\":\"SearchAction\",\"target\":{\"@type\":\"EntryPoint\",\"urlTemplate\":\"https:\/\/eon-store-usa.com\/?s={search_term_string}\"},\"query-input\":{\"@type\":\"PropertyValueSpecification\",\"valueRequired\":true,\"valueName\":\"search_term_string\"}}],\"inLanguage\":\"es\"},{\"@type\":\"Organization\",\"@id\":\"https:\/\/eon-store-usa.com\/#organization\",\"name\":\"Energia_ON\",\"url\":\"https:\/\/eon-store-usa.com\/\",\"logo\":{\"@type\":\"ImageObject\",\"inLanguage\":\"es\",\"@id\":\"https:\/\/eon-store-usa.com\/#\/schema\/logo\/image\/\",\"url\":\"https:\/\/eon-store-usa.com\/wp-content\/uploads\/2025\/08\/Energia-on-usa-Logo-sin-fondo.png\",\"contentUrl\":\"https:\/\/eon-store-usa.com\/wp-content\/uploads\/2025\/08\/Energia-on-usa-Logo-sin-fondo.png\",\"width\":750,\"height\":300,\"caption\":\"Energia_ON\"},\"image\":{\"@id\":\"https:\/\/eon-store-usa.com\/#\/schema\/logo\/image\/\"}}]}<\/script>\n<!-- \/ Yoast SEO plugin. -->","yoast_head_json":{"title":"Other technologies - Energia_ON","robots":{"index":"index","follow":"follow","max-snippet":"max-snippet:-1","max-image-preview":"max-image-preview:large","max-video-preview":"max-video-preview:-1"},"canonical":"https:\/\/eon-store-usa.com\/es\/other-technologies\/","og_locale":"es_ES","og_type":"article","og_title":"Other technologies - Energia_ON","og_description":"Other technologies Other technologies Energ\u00eda ON not only specializes in\u00a0waste treatment, water treatment, and ozone systems\u00a0, but we have also worked with various\u00a0advanced technologies\u00a0to drive\u00a0energy efficiency\u00a0and\u00a0sustainability\u00a0. These include our\u00a0TEG Modules (Thermoelectric Generators)\u00a0, which\u00a0efficiently convert waste heat into electricity, and the implementation of gravitational batteries\u00a0, an innovative energy storage solution that harnesses the force of gravity. [&hellip;]","og_url":"https:\/\/eon-store-usa.com\/es\/other-technologies\/","og_site_name":"Energia_ON","article_modified_time":"2025-09-01T23:31:44+00:00","og_image":[{"width":1024,"height":640,"url":"https:\/\/eon-store-usa.com\/wp-content\/uploads\/2025\/08\/Energia-renovable-paneles-solares-y-turbinas-eolicas-1024x640.png","type":"image\/png"}],"twitter_card":"summary_large_image","twitter_misc":{"Tiempo de lectura":"1 minuto"},"schema":{"@context":"https:\/\/schema.org","@graph":[{"@type":"WebPage","@id":"https:\/\/eon-store-usa.com\/other-technologies\/","url":"https:\/\/eon-store-usa.com\/other-technologies\/","name":"Other technologies - Energia_ON","isPartOf":{"@id":"https:\/\/eon-store-usa.com\/#website"},"primaryImageOfPage":{"@id":"https:\/\/eon-store-usa.com\/other-technologies\/#primaryimage"},"image":{"@id":"https:\/\/eon-store-usa.com\/other-technologies\/#primaryimage"},"thumbnailUrl":"https:\/\/eon-store-usa.com\/wp-content\/uploads\/2025\/08\/Energia-renovable-paneles-solares-y-turbinas-eolicas.png","datePublished":"2025-09-01T23:28:38+00:00","dateModified":"2025-09-01T23:31:44+00:00","breadcrumb":{"@id":"https:\/\/eon-store-usa.com\/other-technologies\/#breadcrumb"},"inLanguage":"es","potentialAction":[{"@type":"ReadAction","target":["https:\/\/eon-store-usa.com\/other-technologies\/"]}]},{"@type":"ImageObject","inLanguage":"es","@id":"https:\/\/eon-store-usa.com\/other-technologies\/#primaryimage","url":"https:\/\/eon-store-usa.com\/wp-content\/uploads\/2025\/08\/Energia-renovable-paneles-solares-y-turbinas-eolicas.png","contentUrl":"https:\/\/eon-store-usa.com\/wp-content\/uploads\/2025\/08\/Energia-renovable-paneles-solares-y-turbinas-eolicas.png"},{"@type":"BreadcrumbList","@id":"https:\/\/eon-store-usa.com\/other-technologies\/#breadcrumb","itemListElement":[{"@type":"ListItem","position":1,"name":"Portada","item":"https:\/\/eon-store-usa.com\/"},{"@type":"ListItem","position":2,"name":"Other technologies"}]},{"@type":"WebSite","@id":"https:\/\/eon-store-usa.com\/#website","url":"https:\/\/eon-store-usa.com\/","name":"Energia_ON","description":"","publisher":{"@id":"https:\/\/eon-store-usa.com\/#organization"},"potentialAction":[{"@type":"SearchAction","target":{"@type":"EntryPoint","urlTemplate":"https:\/\/eon-store-usa.com\/?s={search_term_string}"},"query-input":{"@type":"PropertyValueSpecification","valueRequired":true,"valueName":"search_term_string"}}],"inLanguage":"es"},{"@type":"Organization","@id":"https:\/\/eon-store-usa.com\/#organization","name":"Energia_ON","url":"https:\/\/eon-store-usa.com\/","logo":{"@type":"ImageObject","inLanguage":"es","@id":"https:\/\/eon-store-usa.com\/#\/schema\/logo\/image\/","url":"https:\/\/eon-store-usa.com\/wp-content\/uploads\/2025\/08\/Energia-on-usa-Logo-sin-fondo.png","contentUrl":"https:\/\/eon-store-usa.com\/wp-content\/uploads\/2025\/08\/Energia-on-usa-Logo-sin-fondo.png","width":750,"height":300,"caption":"Energia_ON"},"image":{"@id":"https:\/\/eon-store-usa.com\/#\/schema\/logo\/image\/"}}]}},"_links":{"self":[{"href":"https:\/\/eon-store-usa.com\/es\/wp-json\/wp\/v2\/pages\/1544","targetHints":{"allow":["GET"]}}],"collection":[{"href":"https:\/\/eon-store-usa.com\/es\/wp-json\/wp\/v2\/pages"}],"about":[{"href":"https:\/\/eon-store-usa.com\/es\/wp-json\/wp\/v2\/types\/page"}],"author":[{"embeddable":true,"href":"https:\/\/eon-store-usa.com\/es\/wp-json\/wp\/v2\/users\/2"}],"replies":[{"embeddable":true,"href":"https:\/\/eon-store-usa.com\/es\/wp-json\/wp\/v2\/comments?post=1544"}],"version-history":[{"count":10,"href":"https:\/\/eon-store-usa.com\/es\/wp-json\/wp\/v2\/pages\/1544\/revisions"}],"predecessor-version":[{"id":1580,"href":"https:\/\/eon-store-usa.com\/es\/wp-json\/wp\/v2\/pages\/1544\/revisions\/1580"}],"wp:attachment":[{"href":"https:\/\/eon-store-usa.com\/es\/wp-json\/wp\/v2\/media?parent=1544"}],"curies":[{"name":"wp","href":"https:\/\/api.w.org\/{rel}","templated":true}]}}